{"id":33,"date":"2023-09-15T10:28:28","date_gmt":"2023-09-15T10:28:28","guid":{"rendered":"https:\/\/decisiones.ctfc.cat\/SSAFR2024\/?page_id=33"},"modified":"2024-12-19T16:17:46","modified_gmt":"2024-12-19T16:17:46","slug":"sponsors","status":"publish","type":"page","link":"https:\/\/decisiones.ctfc.cat\/conference2025\/sponsors\/","title":{"rendered":"Sponsors"},"content":{"rendered":"\n<div class=\"wp-block-columns is-layout-flex wp-container-core-columns-is-layout-9d6595d7 wp-block-columns-is-layout-flex\">\n<div class=\"wp-block-column is-layout-flow wp-block-column-is-layout-flow\" style=\"flex-basis:33.33%\">\n<figure class=\"wp-block-image size-large\"><img loading=\"lazy\" decoding=\"async\" width=\"1024\" height=\"358\" src=\"https:\/\/decisiones.ctfc.cat\/conference2025\/wp-content\/uploads\/2024\/12\/Logo_Esalq_Horizontal-2-1024x358.png\" alt=\"\" class=\"wp-image-372\" srcset=\"https:\/\/decisiones.ctfc.cat\/conference2025\/wp-content\/uploads\/2024\/12\/Logo_Esalq_Horizontal-2-1024x358.png 1024w, https:\/\/decisiones.ctfc.cat\/conference2025\/wp-content\/uploads\/2024\/12\/Logo_Esalq_Horizontal-2-300x105.png 300w, https:\/\/decisiones.ctfc.cat\/conference2025\/wp-content\/uploads\/2024\/12\/Logo_Esalq_Horizontal-2-768x269.png 768w, https:\/\/decisiones.ctfc.cat\/conference2025\/wp-content\/uploads\/2024\/12\/Logo_Esalq_Horizontal-2-1536x537.png 1536w, https:\/\/decisiones.ctfc.cat\/conference2025\/wp-content\/uploads\/2024\/12\/Logo_Esalq_Horizontal-2-2048x717.png 2048w\" sizes=\"auto, (max-width: 1024px) 100vw, 1024px\" \/><\/figure>\n<\/div>\n\n\n\n<div class=\"wp-block-column is-layout-flow wp-block-column-is-layout-flow\" style=\"flex-basis:66.66%\">\n<p><\/p>\n\n\n\n<p><a href=\"https:\/\/www.esalq.usp.br\/\" data-type=\"link\" data-id=\"https:\/\/www.esalq.usp.br\/\">ESALQ\u00a0 Escola Superior de Agricultura Luiz de Queiroz<\/a>\u00a0 \u00a0<\/p>\n<\/div>\n<\/div>\n\n\n\n<div class=\"wp-block-columns is-layout-flex wp-container-core-columns-is-layout-9d6595d7 wp-block-columns-is-layout-flex\">\n<div class=\"wp-block-column is-layout-flow wp-block-column-is-layout-flow\" style=\"flex-basis:33.33%\">\n<figure class=\"wp-block-image size-full is-resized\"><img loading=\"lazy\" decoding=\"async\" width=\"360\" height=\"186\" src=\"https:\/\/decisiones.ctfc.cat\/conference2025\/wp-content\/uploads\/2024\/12\/Logo_UFSB-1.png\" alt=\"\" class=\"wp-image-375\" style=\"width:383px;height:auto\" srcset=\"https:\/\/decisiones.ctfc.cat\/conference2025\/wp-content\/uploads\/2024\/12\/Logo_UFSB-1.png 360w, https:\/\/decisiones.ctfc.cat\/conference2025\/wp-content\/uploads\/2024\/12\/Logo_UFSB-1-300x155.png 300w\" sizes=\"auto, (max-width: 360px) 100vw, 360px\" \/><\/figure>\n<\/div>\n\n\n\n<div class=\"wp-block-column is-layout-flow wp-block-column-is-layout-flow\" style=\"flex-basis:66.66%\">\n<p><\/p>\n\n\n\n<p><a href=\"https:\/\/ufsb.edu.br\/\" data-type=\"link\" data-id=\"https:\/\/ufsb.edu.br\/\">Universidade Federal do Sul da Bahia\u00a0<\/a> <\/p>\n<\/div>\n<\/div>\n\n\n\n<div class=\"wp-block-columns is-layout-flex wp-container-core-columns-is-layout-9d6595d7 wp-block-columns-is-layout-flex\">\n<div class=\"wp-block-column is-layout-flow wp-block-column-is-layout-flow\" style=\"flex-basis:33.33%\">\n<figure class=\"wp-block-gallery has-nested-images columns-default is-cropped wp-block-gallery-1 is-layout-flex wp-block-gallery-is-layout-flex\">\n<figure class=\"wp-block-image size-full\"><img loading=\"lazy\" decoding=\"async\" width=\"559\" height=\"159\" data-id=\"373\" src=\"https:\/\/decisiones.ctfc.cat\/conference2025\/wp-content\/uploads\/2024\/12\/Logo_FAPESP.png\" alt=\"\" class=\"wp-image-373\" srcset=\"https:\/\/decisiones.ctfc.cat\/conference2025\/wp-content\/uploads\/2024\/12\/Logo_FAPESP.png 559w, https:\/\/decisiones.ctfc.cat\/conference2025\/wp-content\/uploads\/2024\/12\/Logo_FAPESP-300x85.png 300w\" sizes=\"auto, (max-width: 559px) 100vw, 559px\" \/><\/figure>\n<\/figure>\n<\/div>\n\n\n\n<div class=\"wp-block-column is-layout-flow wp-block-column-is-layout-flow\" style=\"flex-basis:66.66%\">\n<p><\/p>\n\n\n\n<p><a href=\"https:\/\/bv.fapesp.br\/pt\/auxilios\/113043\/apoio-a-decisao-para-o-fornecimento-de-servicos-ecossistemicos-sob-mudanca-global-esforco-brasileiro\/\">FAPESP Funda\u00e7\u00e3o de \u00c2mparo \u00e0 Pesquisa do Estado de S\u00e3o Paulo<\/a>\u00a0 \u00a0\u00a0<\/p>\n<\/div>\n<\/div>\n\n\n\n<div class=\"wp-block-columns is-layout-flex wp-container-core-columns-is-layout-9d6595d7 wp-block-columns-is-layout-flex\">\n<div class=\"wp-block-column is-layout-flow wp-block-column-is-layout-flow\" style=\"flex-basis:33.33%\">\n<figure class=\"wp-block-image size-full\"><img loading=\"lazy\" decoding=\"async\" width=\"1146\" height=\"333\" src=\"https:\/\/decisiones.ctfc.cat\/conference2025\/wp-content\/uploads\/2024\/12\/Logo_CCarbon.png\" alt=\"\" class=\"wp-image-376\" srcset=\"https:\/\/decisiones.ctfc.cat\/conference2025\/wp-content\/uploads\/2024\/12\/Logo_CCarbon.png 1146w, https:\/\/decisiones.ctfc.cat\/conference2025\/wp-content\/uploads\/2024\/12\/Logo_CCarbon-300x87.png 300w, https:\/\/decisiones.ctfc.cat\/conference2025\/wp-content\/uploads\/2024\/12\/Logo_CCarbon-1024x298.png 1024w, https:\/\/decisiones.ctfc.cat\/conference2025\/wp-content\/uploads\/2024\/12\/Logo_CCarbon-768x223.png 768w\" sizes=\"auto, (max-width: 1146px) 100vw, 1146px\" \/><\/figure>\n<\/div>\n\n\n\n<div class=\"wp-block-column is-layout-flow wp-block-column-is-layout-flow\" style=\"flex-basis:66.66%\">\n<p><\/p>\n\n\n\n<p><a href=\"https:\/\/ccarbon.usp.br\/\">CCARBON\u00a0 Center for Carbon Research in Tropical Agriculture<\/a><\/p>\n<\/div>\n<\/div>\n\n\n\n<div class=\"wp-block-columns is-layout-flex wp-container-core-columns-is-layout-9d6595d7 wp-block-columns-is-layout-flex\">\n<div class=\"wp-block-column is-layout-flow wp-block-column-is-layout-flow\" style=\"flex-basis:33.33%\">\n<figure class=\"wp-block-image size-full\"><img loading=\"lazy\" decoding=\"async\" width=\"300\" height=\"121\" src=\"https:\/\/decisiones.ctfc.cat\/conference2025\/wp-content\/uploads\/2023\/09\/IUFRO_Logo_600px-2-300x121-1.jpg\" alt=\"\" class=\"wp-image-85\"\/><\/figure>\n<\/div>\n\n\n\n<div class=\"wp-block-column is-vertically-aligned-center is-layout-flow wp-block-column-is-layout-flow\" style=\"flex-basis:66.66%\">\n<p><strong><a href=\"https:\/\/www.iufro.org\/\">INTERNATIONAL UNION OF FOREST RESEARCH ORGANIZATIONS<\/a><\/strong><\/p>\n<\/div>\n<\/div>\n\n\n\n<div class=\"wp-block-columns is-layout-flex wp-container-core-columns-is-layout-9d6595d7 wp-block-columns-is-layout-flex\">\n<div class=\"wp-block-column is-layout-flow wp-block-column-is-layout-flow\" style=\"flex-basis:33.33%\">\n<figure class=\"wp-block-image size-large is-resized\"><img loading=\"lazy\" decoding=\"async\" width=\"1024\" height=\"188\" src=\"https:\/\/decisiones.ctfc.cat\/conference2025\/wp-content\/uploads\/2023\/09\/logo_DecisionES_web-1024x188.png\" alt=\"\" class=\"wp-image-28\" style=\"width:370px;height:auto\" srcset=\"https:\/\/decisiones.ctfc.cat\/conference2025\/wp-content\/uploads\/2023\/09\/logo_DecisionES_web-1024x188.png 1024w, https:\/\/decisiones.ctfc.cat\/conference2025\/wp-content\/uploads\/2023\/09\/logo_DecisionES_web-300x55.png 300w, https:\/\/decisiones.ctfc.cat\/conference2025\/wp-content\/uploads\/2023\/09\/logo_DecisionES_web-768x141.png 768w, https:\/\/decisiones.ctfc.cat\/conference2025\/wp-content\/uploads\/2023\/09\/logo_DecisionES_web.png 1500w\" sizes=\"auto, (max-width: 1024px) 100vw, 1024px\" \/><\/figure>\n<\/div>\n\n\n\n<div class=\"wp-block-column is-vertically-aligned-center is-layout-flow wp-block-column-is-layout-flow\" style=\"flex-basis:66.66%\">\n<p><strong><a href=\"https:\/\/www.iufro.org\/\"><\/a><\/strong><a href=\"http:\/\/decisiones.ctfc.cat\"><strong>DecisionES<\/strong> \u2013 Decision Support for the Supply of Ecosystem Services under Global Change.<\/a>Grant Agreement number: 101007950 \u2014\u2014 H2020-MSCA-RISE-2020. Global budget: 2.4 Million \u20ac.<\/p>\n<\/div>\n<\/div>\n\n\n\n<div class=\"wp-block-columns is-layout-flex wp-container-core-columns-is-layout-9d6595d7 wp-block-columns-is-layout-flex\">\n<div class=\"wp-block-column is-layout-flow wp-block-column-is-layout-flow\" style=\"flex-basis:33.33%\">\n<figure class=\"wp-block-image size-full\"><img loading=\"lazy\" decoding=\"async\" width=\"792\" height=\"158\" src=\"https:\/\/decisiones.ctfc.cat\/conference2025\/wp-content\/uploads\/2024\/02\/image.png\" alt=\"\" class=\"wp-image-184\" srcset=\"https:\/\/decisiones.ctfc.cat\/conference2025\/wp-content\/uploads\/2024\/02\/image.png 792w, https:\/\/decisiones.ctfc.cat\/conference2025\/wp-content\/uploads\/2024\/02\/image-300x60.png 300w, https:\/\/decisiones.ctfc.cat\/conference2025\/wp-content\/uploads\/2024\/02\/image-768x153.png 768w\" sizes=\"auto, (max-width: 792px) 100vw, 792px\" \/><\/figure>\n<\/div>\n\n\n\n<div class=\"wp-block-column is-vertically-aligned-center is-layout-flow wp-block-column-is-layout-flow\" style=\"flex-basis:66.66%\">\n<p><a href=\"https:\/\/fire-res.eu\/\" data-type=\"link\" data-id=\"https:\/\/fire-res.eu\/\">FIRE-RES &#8211; nnovative technologies &amp; socio-ecological-economic solutions for fire resilient territories in Europe.<\/a> <\/p>\n<\/div>\n<\/div>\n\n\n\n<div class=\"wp-block-columns is-layout-flex wp-container-core-columns-is-layout-9d6595d7 wp-block-columns-is-layout-flex\">\n<div class=\"wp-block-column is-layout-flow wp-block-column-is-layout-flow\" style=\"flex-basis:33.33%\">\n<figure class=\"wp-block-image size-full\"><img loading=\"lazy\" decoding=\"async\" width=\"403\" height=\"92\" src=\"https:\/\/decisiones.ctfc.cat\/conference2025\/wp-content\/uploads\/2024\/02\/FORPLADEM.png\" alt=\"\" class=\"wp-image-199\" srcset=\"https:\/\/decisiones.ctfc.cat\/conference2025\/wp-content\/uploads\/2024\/02\/FORPLADEM.png 403w, https:\/\/decisiones.ctfc.cat\/conference2025\/wp-content\/uploads\/2024\/02\/FORPLADEM-300x68.png 300w\" sizes=\"auto, (max-width: 403px) 100vw, 403px\" \/><\/figure>\n<\/div>\n\n\n\n<div class=\"wp-block-column is-vertically-aligned-center is-layout-flow wp-block-column-is-layout-flow\" style=\"flex-basis:66.66%\">\n<p>Grup de Recerca Consolidad de la Generalitat (2021 SGR 01544). <\/p>\n<\/div>\n<\/div>\n\n\n\n<div class=\"wp-block-columns is-layout-flex wp-container-core-columns-is-layout-9d6595d7 wp-block-columns-is-layout-flex\">\n<div class=\"wp-block-column is-layout-flow wp-block-column-is-layout-flow\" style=\"flex-basis:33.33%\">\n<figure class=\"wp-block-image size-full\"><img loading=\"lazy\" decoding=\"async\" width=\"500\" height=\"338\" src=\"https:\/\/decisiones.ctfc.cat\/conference2025\/wp-content\/uploads\/2024\/02\/FORESTS-MONITOR-Logo2.png\" alt=\"\" class=\"wp-image-200\" srcset=\"https:\/\/decisiones.ctfc.cat\/conference2025\/wp-content\/uploads\/2024\/02\/FORESTS-MONITOR-Logo2.png 500w, https:\/\/decisiones.ctfc.cat\/conference2025\/wp-content\/uploads\/2024\/02\/FORESTS-MONITOR-Logo2-300x203.png 300w\" sizes=\"auto, (max-width: 500px) 100vw, 500px\" \/><\/figure>\n<\/div>\n\n\n\n<div class=\"wp-block-column is-vertically-aligned-center is-layout-flow wp-block-column-is-layout-flow\" style=\"flex-basis:66.66%\">\n<p><a href=\"http:\/\/www.forestsmonitor.com\">Forests Monitor Journal<\/a> (FM) is an international peer-reviewed open-access journal devoted to the applied science of multifunctional forest ecosystems, with a primary objective of enhancing forest management and conservation in support of good governance worldwide.<\/p>\n<\/div>\n<\/div>\n\n\n\n<div class=\"wp-block-columns is-layout-flex wp-container-core-columns-is-layout-9d6595d7 wp-block-columns-is-layout-flex\">\n<div class=\"wp-block-column is-layout-flow wp-block-column-is-layout-flow\" style=\"flex-basis:33.33%\">\n<figure class=\"wp-block-image size-large\"><img loading=\"lazy\" decoding=\"async\" width=\"1024\" height=\"316\" src=\"https:\/\/decisiones.ctfc.cat\/conference2025\/wp-content\/uploads\/2024\/10\/Symposium-on-Systems-Analysis-in-Forest-Resources-SSAFR-1-1024x316.jpg\" alt=\"\" class=\"wp-image-294\" srcset=\"https:\/\/decisiones.ctfc.cat\/conference2025\/wp-content\/uploads\/2024\/10\/Symposium-on-Systems-Analysis-in-Forest-Resources-SSAFR-1-1024x316.jpg 1024w, https:\/\/decisiones.ctfc.cat\/conference2025\/wp-content\/uploads\/2024\/10\/Symposium-on-Systems-Analysis-in-Forest-Resources-SSAFR-1-300x93.jpg 300w, https:\/\/decisiones.ctfc.cat\/conference2025\/wp-content\/uploads\/2024\/10\/Symposium-on-Systems-Analysis-in-Forest-Resources-SSAFR-1-768x237.jpg 768w, https:\/\/decisiones.ctfc.cat\/conference2025\/wp-content\/uploads\/2024\/10\/Symposium-on-Systems-Analysis-in-Forest-Resources-SSAFR-1-1536x474.jpg 1536w, https:\/\/decisiones.ctfc.cat\/conference2025\/wp-content\/uploads\/2024\/10\/Symposium-on-Systems-Analysis-in-Forest-Resources-SSAFR-1-2048x632.jpg 2048w\" sizes=\"auto, (max-width: 1024px) 100vw, 1024px\" \/><\/figure>\n<\/div>\n\n\n\n<div class=\"wp-block-column is-layout-flow wp-block-column-is-layout-flow\" style=\"flex-basis:66.66%\">\n<p><\/p>\n\n\n\n<p>The SSAFR community.<\/p>\n<\/div>\n<\/div>\n\n\n\n<div class=\"wp-block-columns is-layout-flex wp-container-core-columns-is-layout-9d6595d7 wp-block-columns-is-layout-flex\">\n<div class=\"wp-block-column is-layout-flow wp-block-column-is-layout-flow\" style=\"flex-basis:33.33%\"><\/div>\n\n\n\n<div class=\"wp-block-column is-layout-flow wp-block-column-is-layout-flow\" style=\"flex-basis:66.66%\">\n<p><\/p>\n\n\n\n<p><\/p>\n<\/div>\n<\/div>\n\n\n\n<p><\/p>\n","protected":false},"excerpt":{"rendered":"<p>ESALQ\u00a0 Escola Superior de Agricultura Luiz de Queiroz\u00a0 \u00a0 Universidade Federal do Sul da Bahia\u00a0 FAPESP Funda\u00e7\u00e3o de \u00c2mparo \u00e0 Pesquisa do Estado de S\u00e3o Paulo\u00a0 \u00a0\u00a0 CCARBON\u00a0 Center for Carbon Research in Tropical Agriculture INTERNATIONAL UNION OF FOREST RESEARCH ORGANIZATIONS DecisionES \u2013 Decision Support for the Supply of Ecosystem Services under Global Change.Grant Agreement&hellip;&nbsp;<a href=\"https:\/\/decisiones.ctfc.cat\/conference2025\/sponsors\/\" class=\"\" rel=\"bookmark\">Read More &raquo;<span class=\"screen-reader-text\">Sponsors<\/span><\/a><\/p>\n","protected":false},"author":1,"featured_media":0,"parent":0,"menu_order":0,"comment_status":"closed","ping_status":"closed","template":"","meta":{"neve_meta_sidebar":"","neve_meta_container":"","neve_meta_enable_content_width":"","neve_meta_content_width":0,"neve_meta_title_alignment":"","neve_meta_author_avatar":"","neve_post_elements_order":"","neve_meta_disable_header":"","neve_meta_disable_footer":"","neve_meta_disable_title":"","footnotes":""},"class_list":["post-33","page","type-page","status-publish","hentry"],"_links":{"self":[{"href":"https:\/\/decisiones.ctfc.cat\/conference2025\/wp-json\/wp\/v2\/pages\/33","targetHints":{"allow":["GET"]}}],"collection":[{"href":"https:\/\/decisiones.ctfc.cat\/conference2025\/wp-json\/wp\/v2\/pages"}],"about":[{"href":"https:\/\/decisiones.ctfc.cat\/conference2025\/wp-json\/wp\/v2\/types\/page"}],"author":[{"embeddable":true,"href":"https:\/\/decisiones.ctfc.cat\/conference2025\/wp-json\/wp\/v2\/users\/1"}],"replies":[{"embeddable":true,"href":"https:\/\/decisiones.ctfc.cat\/conference2025\/wp-json\/wp\/v2\/comments?post=33"}],"version-history":[{"count":22,"href":"https:\/\/decisiones.ctfc.cat\/conference2025\/wp-json\/wp\/v2\/pages\/33\/revisions"}],"predecessor-version":[{"id":379,"href":"https:\/\/decisiones.ctfc.cat\/conference2025\/wp-json\/wp\/v2\/pages\/33\/revisions\/379"}],"wp:attachment":[{"href":"https:\/\/decisiones.ctfc.cat\/conference2025\/wp-json\/wp\/v2\/media?parent=33"}],"curies":[{"name":"wp","href":"https:\/\/api.w.org\/{rel}","templated":true}]}}